{"id":573,"date":"2017-10-17T13:57:20","date_gmt":"2017-10-17T11:57:20","guid":{"rendered":"http:\/\/restpostenladen.com\/?page_id=573"},"modified":"2020-07-10T14:27:49","modified_gmt":"2020-07-10T12:27:49","slug":"links","status":"publish","type":"page","link":"https:\/\/restpostenladen.com\/?page_id=573","title":{"rendered":"Links"},"content":{"rendered":"\t\t<div data-elementor-type=\"wp-post\" data-elementor-id=\"573\" class=\"elementor elementor-573 elementor-bc-flex-widget\">\n\t\t\t\t\t\t<section class=\"elementor-section elementor-top-section elementor-element elementor-element-3a0778bb elementor-section-boxed elementor-section-height-default elementor-section-height-default\" data-id=\"3a0778bb\" data-element_type=\"section\" data-e-type=\"section\">\n\t\t\t\t\t\t<div class=\"elementor-container elementor-column-gap-default\">\n\t\t\t\t\t<div class=\"elementor-column elementor-col-100 elementor-top-column elementor-element elementor-element-42bc4bcc\" data-id=\"42bc4bcc\" data-element_type=\"column\" data-e-type=\"column\">\n\t\t\t<div class=\"elementor-widget-wrap elementor-element-populated\">\n\t\t\t\t\t\t<div class=\"elementor-element elementor-element-2ad9af9d elementor-widget elementor-widget-text-editor\" data-id=\"2ad9af9d\" data-element_type=\"widget\" data-e-type=\"widget\" data-widget_type=\"text-editor.default\">\n\t\t\t\t<div class=\"elementor-widget-container\">\n\t\t\t\t\t\t\t\t\t<div><p>\u00a0<\/p><p>Wichtiger Hinweis:<\/p><p>Da wir keinerlei Einfluss auf die Gestaltung und die Inhalte der gelinkten Seiten haben, \u00fcbernehmen wir ausdr\u00fccklich keine Verantwortung f\u00fcr die Inhalte der verlinkten Seiten auf diesem Server und machen uns die Inhalte der gelinkten Seiten nicht zu eigen. Diese Erkl\u00e4rung gilt f\u00fcr alle verf\u00fcgbaren Links auf diesem Server sowie die vorhandene Linkliste.<\/p><\/div><p><span style=\"border-radius: 2px; text-indent: 20px; width: auto; padding: 0px 4px 0px 0px; text-align: center; font: bold 11px\/20px 'Helvetica Neue',Helvetica,sans-serif; color: #ffffff; background: #bd081c no-repeat scroll 3px 50% \/ 14px 14px; position: absolute; opacity: 1; z-index: 8675309; display: none; cursor: pointer; top: 108px; left: 20px;\">Merken<\/span><\/p>\t\t\t\t\t\t\t\t<\/div>\n\t\t\t\t<\/div>\n\t\t\t\t\t<\/div>\n\t\t<\/div>\n\t\t\t\t\t<\/div>\n\t\t<\/section>\n\t\t\t\t<\/div>\n\t\t","protected":false},"excerpt":{"rendered":"<p>Wichtiger Hinweis: Da wir keinerlei Einfluss auf die Gestaltung und die Inhalte der gelinkten Seiten haben, \u00fcbernehmen wir ausdr\u00fccklich keine [&hellip;]<\/p>\n","protected":false},"author":1,"featured_media":0,"parent":0,"menu_order":0,"comment_status":"closed","ping_status":"closed","template":"","meta":{"site-sidebar-layout":"default","site-content-layout":"","ast-site-content-layout":"default","site-content-style":"default","site-sidebar-style":"default","ast-global-header-display":"","ast-banner-title-visibility":"","ast-main-header-display":"","ast-hfb-above-header-display":"","ast-hfb-below-header-display":"","ast-hfb-mobile-header-display":"","site-post-title":"","ast-breadcrumbs-content":"","ast-featured-img":"","footer-sml-layout":"","ast-disable-related-posts":"","theme-transparent-header-meta":"","adv-header-id-meta":"","stick-header-meta":"","header-above-stick-meta":"","header-main-stick-meta":"","header-below-stick-meta":"","astra-migrate-meta-layouts":"default","ast-page-background-enabled":"default","ast-page-background-meta":{"desktop":{"background-color":"var(--ast-global-color-4)","background-image":"","background-repeat":"repeat","background-position":"center center","background-size":"auto","background-attachment":"scroll","background-type":"","background-media":"","overlay-type":"","overlay-color":"","overlay-opacity":"","overlay-gradient":""},"tablet":{"background-color":"","background-image":"","background-repeat":"repeat","background-position":"center center","background-size":"auto","background-attachment":"scroll","background-type":"","background-media":"","overlay-type":"","overlay-color":"","overlay-opacity":"","overlay-gradient":""},"mobile":{"background-color":"","background-image":"","background-repeat":"repeat","background-position":"center center","background-size":"auto","background-attachment":"scroll","background-type":"","background-media":"","overlay-type":"","overlay-color":"","overlay-opacity":"","overlay-gradient":""}},"ast-content-background-meta":{"desktop":{"background-color":"var(--ast-global-color-5)","background-image":"","background-repeat":"repeat","background-position":"center center","background-size":"auto","background-attachment":"scroll","background-type":"","background-media":"","overlay-type":"","overlay-color":"","overlay-opacity":"","overlay-gradient":""},"tablet":{"background-color":"var(--ast-global-color-5)","background-image":"","background-repeat":"repeat","background-position":"center center","background-size":"auto","background-attachment":"scroll","background-type":"","background-media":"","overlay-type":"","overlay-color":"","overlay-opacity":"","overlay-gradient":""},"mobile":{"background-color":"var(--ast-global-color-5)","background-image":"","background-repeat":"repeat","background-position":"center center","background-size":"auto","background-attachment":"scroll","background-type":"","background-media":"","overlay-type":"","overlay-color":"","overlay-opacity":"","overlay-gradient":""}},"footnotes":""},"class_list":["post-573","page","type-page","status-publish","hentry"],"yoast_head":"<!-- This site is optimized with the Yoast SEO plugin v27.5 - https:\/\/yoast.com\/product\/yoast-seo-wordpress\/ -->\n<title>Links - restpostenladen<\/title>\n<meta name=\"robots\" content=\"index, follow, max-snippet:-1, max-image-preview:large, max-video-preview:-1\" \/>\n<link rel=\"canonical\" href=\"https:\/\/restpostenladen.com\/?page_id=573\" \/>\n<meta property=\"og:locale\" content=\"de_DE\" \/>\n<meta property=\"og:type\" content=\"article\" \/>\n<meta property=\"og:title\" content=\"Links - restpostenladen\" \/>\n<meta property=\"og:description\" content=\"Wichtiger Hinweis: Da wir keinerlei Einfluss auf die Gestaltung und die Inhalte der gelinkten Seiten haben, \u00fcbernehmen wir ausdr\u00fccklich keine [&hellip;]\" \/>\n<meta property=\"og:url\" content=\"https:\/\/restpostenladen.com\/?page_id=573\" \/>\n<meta property=\"og:site_name\" content=\"restpostenladen\" \/>\n<meta property=\"article:modified_time\" content=\"2020-07-10T12:27:49+00:00\" \/>\n<meta name=\"twitter:card\" content=\"summary_large_image\" \/>\n<script type=\"application\/ld+json\" class=\"yoast-schema-graph\">{\"@context\":\"https:\\\/\\\/schema.org\",\"@graph\":[{\"@type\":\"WebPage\",\"@id\":\"https:\\\/\\\/restpostenladen.com\\\/?page_id=573\",\"url\":\"https:\\\/\\\/restpostenladen.com\\\/?page_id=573\",\"name\":\"Links - restpostenladen\",\"isPartOf\":{\"@id\":\"https:\\\/\\\/restpostenladen.com\\\/#website\"},\"datePublished\":\"2017-10-17T11:57:20+00:00\",\"dateModified\":\"2020-07-10T12:27:49+00:00\",\"breadcrumb\":{\"@id\":\"https:\\\/\\\/restpostenladen.com\\\/?page_id=573#breadcrumb\"},\"inLanguage\":\"de\",\"potentialAction\":[{\"@type\":\"ReadAction\",\"target\":[\"https:\\\/\\\/restpostenladen.com\\\/?page_id=573\"]}]},{\"@type\":\"BreadcrumbList\",\"@id\":\"https:\\\/\\\/restpostenladen.com\\\/?page_id=573#breadcrumb\",\"itemListElement\":[{\"@type\":\"ListItem\",\"position\":1,\"name\":\"Startseite\",\"item\":\"https:\\\/\\\/restpostenladen.com\\\/\"},{\"@type\":\"ListItem\",\"position\":2,\"name\":\"Links\"}]},{\"@type\":\"WebSite\",\"@id\":\"https:\\\/\\\/restpostenladen.com\\\/#website\",\"url\":\"https:\\\/\\\/restpostenladen.com\\\/\",\"name\":\"restpostenladen\",\"description\":\"eine Seite der TWC Treuwert Computer GmbH\",\"potentialAction\":[{\"@type\":\"SearchAction\",\"target\":{\"@type\":\"EntryPoint\",\"urlTemplate\":\"https:\\\/\\\/restpostenladen.com\\\/?s={search_term_string}\"},\"query-input\":{\"@type\":\"PropertyValueSpecification\",\"valueRequired\":true,\"valueName\":\"search_term_string\"}}],\"inLanguage\":\"de\"}]}<\/script>\n<!-- \/ Yoast SEO plugin. -->","yoast_head_json":{"title":"Links - restpostenladen","robots":{"index":"index","follow":"follow","max-snippet":"max-snippet:-1","max-image-preview":"max-image-preview:large","max-video-preview":"max-video-preview:-1"},"canonical":"https:\/\/restpostenladen.com\/?page_id=573","og_locale":"de_DE","og_type":"article","og_title":"Links - restpostenladen","og_description":"Wichtiger Hinweis: Da wir keinerlei Einfluss auf die Gestaltung und die Inhalte der gelinkten Seiten haben, \u00fcbernehmen wir ausdr\u00fccklich keine [&hellip;]","og_url":"https:\/\/restpostenladen.com\/?page_id=573","og_site_name":"restpostenladen","article_modified_time":"2020-07-10T12:27:49+00:00","twitter_card":"summary_large_image","schema":{"@context":"https:\/\/schema.org","@graph":[{"@type":"WebPage","@id":"https:\/\/restpostenladen.com\/?page_id=573","url":"https:\/\/restpostenladen.com\/?page_id=573","name":"Links - restpostenladen","isPartOf":{"@id":"https:\/\/restpostenladen.com\/#website"},"datePublished":"2017-10-17T11:57:20+00:00","dateModified":"2020-07-10T12:27:49+00:00","breadcrumb":{"@id":"https:\/\/restpostenladen.com\/?page_id=573#breadcrumb"},"inLanguage":"de","potentialAction":[{"@type":"ReadAction","target":["https:\/\/restpostenladen.com\/?page_id=573"]}]},{"@type":"BreadcrumbList","@id":"https:\/\/restpostenladen.com\/?page_id=573#breadcrumb","itemListElement":[{"@type":"ListItem","position":1,"name":"Startseite","item":"https:\/\/restpostenladen.com\/"},{"@type":"ListItem","position":2,"name":"Links"}]},{"@type":"WebSite","@id":"https:\/\/restpostenladen.com\/#website","url":"https:\/\/restpostenladen.com\/","name":"restpostenladen","description":"eine Seite der TWC Treuwert Computer GmbH","potentialAction":[{"@type":"SearchAction","target":{"@type":"EntryPoint","urlTemplate":"https:\/\/restpostenladen.com\/?s={search_term_string}"},"query-input":{"@type":"PropertyValueSpecification","valueRequired":true,"valueName":"search_term_string"}}],"inLanguage":"de"}]}},"_links":{"self":[{"href":"https:\/\/restpostenladen.com\/index.php?rest_route=\/wp\/v2\/pages\/573","targetHints":{"allow":["GET"]}}],"collection":[{"href":"https:\/\/restpostenladen.com\/index.php?rest_route=\/wp\/v2\/pages"}],"about":[{"href":"https:\/\/restpostenladen.com\/index.php?rest_route=\/wp\/v2\/types\/page"}],"author":[{"embeddable":true,"href":"https:\/\/restpostenladen.com\/index.php?rest_route=\/wp\/v2\/users\/1"}],"replies":[{"embeddable":true,"href":"https:\/\/restpostenladen.com\/index.php?rest_route=%2Fwp%2Fv2%2Fcomments&post=573"}],"version-history":[{"count":5,"href":"https:\/\/restpostenladen.com\/index.php?rest_route=\/wp\/v2\/pages\/573\/revisions"}],"predecessor-version":[{"id":1805,"href":"https:\/\/restpostenladen.com\/index.php?rest_route=\/wp\/v2\/pages\/573\/revisions\/1805"}],"wp:attachment":[{"href":"https:\/\/restpostenladen.com\/index.php?rest_route=%2Fwp%2Fv2%2Fmedia&parent=573"}],"curies":[{"name":"wp","href":"https:\/\/api.w.org\/{rel}","templated":true}]}}